{"id":946,"date":"2018-06-26T17:30:07","date_gmt":"2018-06-26T15:30:07","guid":{"rendered":"http:\/\/wp.internist-ab.de\/?page_id=946"},"modified":"2023-11-30T14:07:25","modified_gmt":"2023-11-30T13:07:25","slug":"nuetzliche-downloads","status":"publish","type":"page","link":"https:\/\/wp.internist-ab.de\/?page_id=946","title":{"rendered":"N\u00fctzliche Downloads und Links"},"content":{"rendered":"<p><span style=\"color: #000000;\">Wir stellen hier einige Informationen und Formulare f\u00fcr Sie zum Herunterladen bereit.<\/span><\/p>\n<ul>\n<li><strong><a href=\"https:\/\/wp.internist-ab.de\/?p=825\">Anamnesebogen<\/a><\/strong><\/li>\n<li><strong><a href=\"https:\/\/wp.internist-ab.de\/?ddownload=1861\">Medical History Questionnaire<\/a><\/strong><\/li>\n<li><strong><a href=\"https:\/\/wp.internist-ab.de\/?ddownload=1860\">Questionnaire des ant\u00e9c\u00e9dents m\u00e9dicaux<\/a><\/strong><\/li>\n<li><a href=\"https:\/\/wp.internist-ab.de\/?p=912\"><strong>Einwilligung zur Datenverarbeitung, zur Erhebung\/\u00dcbermittlung von Patientendaten und Kommunikation per eMail<\/strong><\/a><\/li>\n<li><strong><a href=\"https:\/\/wp.internist-ab.de\/?p=943\">Vollmacht zur Abholung von Rezepten, \u00dcberweisungen etc. durch Dritte<\/a><\/strong><\/li>\n<li><a href=\"https:\/\/wp.internist-ab.de\/?ddownload=905\"><strong>Datenschutz in unserer Praxis<\/strong><\/a><\/li>\n<li><strong><a href=\"https:\/\/wp.internist-ab.de\/?ddownload=1858\">Impfaufkl\u00e4rung<\/a><br \/>\n<\/strong><\/li>\n<\/ul>\n<hr \/>\n<p>&nbsp;<\/p>\n<ul>\n<li><a href=\"https:\/\/wp.internist-ab.de\/?p=968\">Patientenverf\u00fcgung, Betreuungs- und Vorsorgevollmacht<\/a><\/li>\n<li><a href=\"https:\/\/de.wikipedia.org\/wiki\/COPD_Assessment_Test\" target=\"_blank\" rel=\"noopener\">COPD Assessment-Test (CAT)<\/a><\/li>\n<\/ul>\n<p>&nbsp;<\/p>\n","protected":false},"excerpt":{"rendered":"<p>Wir stellen hier einige Informationen und Formulare f\u00fcr Sie zum Herunterladen bereit. Anamnesebogen Medical History Questionnaire Questionnaire des ant\u00e9c\u00e9dents m\u00e9dicaux Einwilligung zur Datenverarbeitung, zur Erhebung\/\u00dcbermittlung von Patientendaten und Kommunikation per eMail Vollmacht zur Abholung von Rezepten, \u00dcberweisungen etc. durch Dritte<\/p>\n","protected":false},"author":1,"featured_media":0,"parent":0,"menu_order":0,"comment_status":"closed","ping_status":"closed","template":"","meta":{"footnotes":""},"class_list":["post-946","page","type-page","status-publish","hentry"],"_links":{"self":[{"href":"https:\/\/wp.internist-ab.de\/index.php?rest_route=\/wp\/v2\/pages\/946","targetHints":{"allow":["GET"]}}],"collection":[{"href":"https:\/\/wp.internist-ab.de\/index.php?rest_route=\/wp\/v2\/pages"}],"about":[{"href":"https:\/\/wp.internist-ab.de\/index.php?rest_route=\/wp\/v2\/types\/page"}],"author":[{"embeddable":true,"href":"https:\/\/wp.internist-ab.de\/index.php?rest_route=\/wp\/v2\/users\/1"}],"replies":[{"embeddable":true,"href":"https:\/\/wp.internist-ab.de\/index.php?rest_route=%2Fwp%2Fv2%2Fcomments&post=946"}],"version-history":[{"count":17,"href":"https:\/\/wp.internist-ab.de\/index.php?rest_route=\/wp\/v2\/pages\/946\/revisions"}],"predecessor-version":[{"id":1865,"href":"https:\/\/wp.internist-ab.de\/index.php?rest_route=\/wp\/v2\/pages\/946\/revisions\/1865"}],"wp:attachment":[{"href":"https:\/\/wp.internist-ab.de\/index.php?rest_route=%2Fwp%2Fv2%2Fmedia&parent=946"}],"curies":[{"name":"wp","href":"https:\/\/api.w.org\/{rel}","templated":true}]}}