{"id":7,"date":"2013-07-23T20:11:16","date_gmt":"2013-07-23T20:11:16","guid":{"rendered":"http:\/\/wp.internist-ab.de\/?page_id=7"},"modified":"2026-03-24T22:42:51","modified_gmt":"2026-03-24T21:42:51","slug":"willkommen","status":"publish","type":"page","link":"https:\/\/wp.internist-ab.de\/","title":{"rendered":"Willkommen"},"content":{"rendered":"<p><span style=\"color: #000000;\">Wir freuen uns, Sie bei uns begr\u00fc\u00dfen zu d\u00fcrfen.<\/span><\/p>\n<p><span style=\"color: #000000;\">Unsere Mitarbeiterinnen und wir bieten Ihnen fundierte internistische Medizin mit haus\u00e4rztlichem Schwerpunkt und m\u00f6chten Ihnen in allen Gesundheitsfragen als kompetente Ratgeber hilfreich zur Seite stehen.<\/span><\/p>\n<hr \/>\n<p><span style=\"color: #000000;\"><strong>Wenn Sie zum ersten Mal in unsere Praxis kommen<\/strong>, drucken Sie bitte die <span style=\"color: #0000ff;\"><strong><a style=\"color: #0000ff;\" href=\"https:\/\/wp.internist-ab.de\/?page_id=946\">hier<\/a><\/strong><\/span> zu findenden Formulare zur Erhebung Ihrer Vorgeschichte, zur Einwilligung in die Datenverarbeitung usw. aus und bringen sie schon ausgef\u00fcllt und unterschrieben mit.<\/span><\/p>\n<hr \/>\n<h3><span style=\"color: #000000;\">Online-Terminvereinbarung<\/span><\/h3>\n<p><span style=\"color: #000000;\"><strong>Um Termine online zu vereinbaren<\/strong>, klicken Sie bitte <span style=\"color: #0000ff;\"><a style=\"color: #0000ff;\" href=\"https:\/\/www.termin-patmed.de\/p\/7605b089-3446-4617-a77d-70681ddfd15d\" target=\"_blank\" rel=\"noopener\"><strong>hier<\/strong>.<\/a><\/span><\/span><\/p>\n<hr \/>\n<p><span style=\"color: #000000;\">Ihre Gesundheit ist Ihr wertvollstes Gut &#8211; z\u00f6gern Sie bitte nicht, uns direkt anzusprechen, wenn Sie Fragen oder W\u00fcnsche haben. Wir haben immer ein offenes Ohr f\u00fcr Ihre individuellen Bed\u00fcrfnisse und werden tun, was im Rahmen unserer M\u00f6glichkeiten liegt.<\/span><br \/>\n<span style=\"color: #000000;\">Erkunden Sie unsere Website und entdecken Sie, was wir <a style=\"color: #000000;\" title=\"Unsere Angebote\" href=\"https:\/\/wp.internist-ab.de\/?page_id=44\"><span style=\"color: #0000ff;\">au\u00dfer Rezepteschreiben noch alles f\u00fcr Sie tun k\u00f6nnen<\/span><\/a><\/span><\/p>\n<p><span style=\"color: #000000;\">Wenn Ihnen gef\u00e4llt, was wir machen, sagen Sie es uns bitte. Wenn nicht, sagen Sie es bitte auch, denn nur so k\u00f6nnen wir uns weiter verbessern.<\/span><\/p>\n<p><span style=\"color: #000000;\">Ihre<br \/>\nDr. med. Christof Rehbein &amp; Dr. med. Anke van der Does<\/span><\/p>\n","protected":false},"excerpt":{"rendered":"<p>Wir freuen uns, Sie bei uns begr\u00fc\u00dfen zu d\u00fcrfen. Unsere Mitarbeiterinnen und wir bieten Ihnen fundierte internistische Medizin mit haus\u00e4rztlichem Schwerpunkt und m\u00f6chten Ihnen in allen Gesundheitsfragen als kompetente Ratgeber hilfreich zur Seite stehen. Wenn Sie zum ersten Mal in<\/p>\n","protected":false},"author":1,"featured_media":0,"parent":0,"menu_order":1,"comment_status":"closed","ping_status":"closed","template":"","meta":{"footnotes":""},"class_list":["post-7","page","type-page","status-publish","hentry"],"_links":{"self":[{"href":"https:\/\/wp.internist-ab.de\/index.php?rest_route=\/wp\/v2\/pages\/7","targetHints":{"allow":["GET"]}}],"collection":[{"href":"https:\/\/wp.internist-ab.de\/index.php?rest_route=\/wp\/v2\/pages"}],"about":[{"href":"https:\/\/wp.internist-ab.de\/index.php?rest_route=\/wp\/v2\/types\/page"}],"author":[{"embeddable":true,"href":"https:\/\/wp.internist-ab.de\/index.php?rest_route=\/wp\/v2\/users\/1"}],"replies":[{"embeddable":true,"href":"https:\/\/wp.internist-ab.de\/index.php?rest_route=%2Fwp%2Fv2%2Fcomments&post=7"}],"version-history":[{"count":82,"href":"https:\/\/wp.internist-ab.de\/index.php?rest_route=\/wp\/v2\/pages\/7\/revisions"}],"predecessor-version":[{"id":2042,"href":"https:\/\/wp.internist-ab.de\/index.php?rest_route=\/wp\/v2\/pages\/7\/revisions\/2042"}],"wp:attachment":[{"href":"https:\/\/wp.internist-ab.de\/index.php?rest_route=%2Fwp%2Fv2%2Fmedia&parent=7"}],"curies":[{"name":"wp","href":"https:\/\/api.w.org\/{rel}","templated":true}]}}