{"id":56,"date":"2013-07-25T19:22:07","date_gmt":"2013-07-25T17:22:07","guid":{"rendered":"http:\/\/wp.internist-ab.de\/?page_id=56"},"modified":"2025-08-16T20:55:19","modified_gmt":"2025-08-16T18:55:19","slug":"wollen-sie-verreisen","status":"publish","type":"page","link":"https:\/\/wp.internist-ab.de\/?page_id=56","title":{"rendered":"Wollen Sie verreisen?"},"content":{"rendered":"<p><span style=\"color: #000000;\">Urlaub bedeutet Genuss, Erholung und Regeneration. Damit Sie Ihren Urlaub in vollen Z\u00fcgen geniessen k\u00f6nnen, sollten Sie gerade bei Fernreisen auch gesundheitlich rechtzeitig die richtigen Weichen stellen:<\/span><\/p>\n<ul>\n<li><span style=\"color: #000000;\">Welche Impfungen sind angebracht ? \u2013 Beratung und Durchf\u00fchrung<\/span><\/li>\n<li><span style=\"color: #000000;\">Welche Vorsichtsma\u00dfnahmen sind im Urlaubsland hinsichtlich Ihrer Gesundheit angezeigt und wie sch\u00fctzen Sie sich vor Reisekrankheiten?<\/span><\/li>\n<li><span style=\"color: #000000;\">Sind eventuell vorbestehende Erkrankungen besonders zu beachten?<\/span><\/li>\n<li><span style=\"color: #000000;\">Welche Notfalltherapiemassnahmen k\u00f6nnen Sie bei Fernreisen in exotische Urlaubsl\u00e4nder selber vornehmen und was brauchen Sie dazu?<\/span><\/li>\n<li><span style=\"color: #000000;\">Wie sollte Ihre Reiseapotheke aussehen?<\/span><\/li>\n<li><span style=\"color: #000000;\">\u00a0Wie k\u00f6nnen Sie trotz Langstreckenfl\u00fcgen fit am Urlaubsort ankommen?<\/span><\/li>\n<\/ul>\n<p><span style=\"color: #000000;\">Diese und weitere Fragen zu Ihrem Urlaub k\u00f6nnen wir in einem ausf\u00fchrlichen Gespr\u00e4ch kl\u00e4ren. Hierzu ist es sinnvoll, dass Sie fr\u00fchzeitig vor Reiseantritt einen Gespr\u00e4chstermin vereinbaren. Bitte nennen Sie uns diesbez\u00fcglich auch rechtzeitig Ihr Reiseziel, damit wir zum Gespr\u00e4chstermin aktuelle Reiseinformationen zum jeweiligen Urlaubsland einholen k\u00f6nnen. Selbstverst\u00e4ndlich f\u00fchren wir alle entsprechenden Impfungen nach individueller Beratung selbst durch (Ausnahme Gelbfieberimpfung &#8211; diese darf nur von besonderen Gelbfieberimpfstellen durchgef\u00fchrt werden, die wir Ihnen auf Wunsch gerne nennen).<\/span><\/p>\n<p><span style=\"color: #000000;\">Reisemedizinische Beratungen und die entsprechenden Impfungen werden teilweise von einigen gesetzlichen Krankenkassen \u00fcbernommen. Wir stellen Ihnen die Beratung und die Impfung(en) gem\u00e4\u00df der amtlichen Geb\u00fchrenordnung f\u00fcr \u00c4rzte in Rechnung; eine Erstattung Ihrer Kosten k\u00f6nnen Sie dann bei Ihrer Krankenkasse beantragen.<\/span><\/p>\n","protected":false},"excerpt":{"rendered":"<p>Urlaub bedeutet Genuss, Erholung und Regeneration. Damit Sie Ihren Urlaub in vollen Z\u00fcgen geniessen k\u00f6nnen, sollten Sie gerade bei Fernreisen auch gesundheitlich rechtzeitig die richtigen Weichen stellen: Welche Impfungen sind angebracht ? \u2013 Beratung und Durchf\u00fchrung Welche Vorsichtsma\u00dfnahmen sind im<\/p>\n","protected":false},"author":1,"featured_media":0,"parent":44,"menu_order":5,"comment_status":"closed","ping_status":"closed","template":"","meta":{"footnotes":""},"class_list":["post-56","page","type-page","status-publish","hentry"],"_links":{"self":[{"href":"https:\/\/wp.internist-ab.de\/index.php?rest_route=\/wp\/v2\/pages\/56","targetHints":{"allow":["GET"]}}],"collection":[{"href":"https:\/\/wp.internist-ab.de\/index.php?rest_route=\/wp\/v2\/pages"}],"about":[{"href":"https:\/\/wp.internist-ab.de\/index.php?rest_route=\/wp\/v2\/types\/page"}],"author":[{"embeddable":true,"href":"https:\/\/wp.internist-ab.de\/index.php?rest_route=\/wp\/v2\/users\/1"}],"replies":[{"embeddable":true,"href":"https:\/\/wp.internist-ab.de\/index.php?rest_route=%2Fwp%2Fv2%2Fcomments&post=56"}],"version-history":[{"count":4,"href":"https:\/\/wp.internist-ab.de\/index.php?rest_route=\/wp\/v2\/pages\/56\/revisions"}],"predecessor-version":[{"id":1610,"href":"https:\/\/wp.internist-ab.de\/index.php?rest_route=\/wp\/v2\/pages\/56\/revisions\/1610"}],"up":[{"embeddable":true,"href":"https:\/\/wp.internist-ab.de\/index.php?rest_route=\/wp\/v2\/pages\/44"}],"wp:attachment":[{"href":"https:\/\/wp.internist-ab.de\/index.php?rest_route=%2Fwp%2Fv2%2Fmedia&parent=56"}],"curies":[{"name":"wp","href":"https:\/\/api.w.org\/{rel}","templated":true}]}}