{"id":53,"date":"2013-07-25T19:18:53","date_gmt":"2013-07-25T17:18:53","guid":{"rendered":"http:\/\/wp.internist-ab.de\/?page_id=53"},"modified":"2025-08-16T20:55:19","modified_gmt":"2025-08-16T18:55:19","slug":"impfungen","status":"publish","type":"page","link":"https:\/\/wp.internist-ab.de\/?page_id=53","title":{"rendered":"Impfungen"},"content":{"rendered":"<div>\n<h3><span style=\"font-family: georgia, palatino, serif; font-size: 12pt; color: #000000;\">Wann haben Sie Ihren Impfpass zuletzt \u00fcberpr\u00fcft?<\/span><\/h3>\n<p><span style=\"font-family: georgia, palatino, serif; font-size: 12pt; color: #000000;\">Impfungen sind wichtige Ma\u00dfnahmen, um die Ausbreitung von <a href=\"https:\/\/wp.internist-ab.de\/?page_id=1538\">lebensbedrohlichen Infektionskrankheiten<\/a> zu verhindern. In fr\u00fcheren Jahrhunderten &#8211; und das ist noch gar nicht so lange her &#8211; sind auch in unseren Breiten immer wieder Epidemien aufgetreten, die sehr viele Menschen das Leben gekostet haben. Heutzutage ist das zum Gl\u00fcck bei uns kaum noch der Fall &#8211; dank der umfassenden Impfprogramme der letzten Jahrzehnte, die in Europa fl\u00e4chendeckend durchgef\u00fchrt wurden.<\/span><\/p>\n<p><span style=\"font-family: georgia, palatino, serif; font-size: 12pt; color: #000000;\">In den letzten Jahren hat sich jedoch leider eine zunehmende Impfm\u00fcdigkeit eingeschlichen, die diese Erfolge in der Bek\u00e4mpfung ansteckender Krankheiten \u00fcber kurz oder lang zunichte machen wird, unter anderem deshalb, weil die Erreger auf den nur halbherzigen Impfschutz reagieren und dagegen resistent werden, so dass die Krankheit sich unter Umst\u00e4nden erneut ausbreiten kann.<\/span><\/p>\n<p><span style=\"font-family: georgia, palatino, serif; font-size: 12pt;\"><span style=\"color: #000000;\">Die St\u00e4ndige Impfkommission<\/span> (<a href=\"http:\/\/www.rki.de\/DE\/Content\/Kommissionen\/STIKO\/Empfehlungen\/Impfempfehlungen_node.html\" target=\"_blank\" rel=\"noopener\">STIKO<\/a>) <span style=\"color: #000000;\">des Bundesgesundheitsamtes gibt jedes Jahr Empfehlungen heraus, welche Impfungen wichtig sind und aufgefrischt werden sollten. Diese Impfungen sind bei gegebener Indikation Kassenleistungen.<\/span><\/span><\/p>\n<p><span style=\"font-family: georgia, palatino, serif; font-size: 12pt;\"><span style=\"color: #000000;\">Gehen Sie\u00a0mit uns zusammen Ihren Impfpass durch und helfen Sie uns, Ihren Impfschutz aktuell zu halten. Dies betrifft selbstverst\u00e4ndlich auch<\/span>\u00a0<a title=\"Wollen Sie verreisen?\" href=\"https:\/\/wp.internist-ab.de\/?page_id=56\">individuelle Reise- und Risikoimpfungen<\/a>, <span style=\"color: #000000;\">\u00fcber die wir Sie gerne beraten.<\/span><\/span><\/p>\n<\/div>\n","protected":false},"excerpt":{"rendered":"<p>Wann haben Sie Ihren Impfpass zuletzt \u00fcberpr\u00fcft? Impfungen sind wichtige Ma\u00dfnahmen, um die Ausbreitung von lebensbedrohlichen Infektionskrankheiten zu verhindern. In fr\u00fcheren Jahrhunderten &#8211; und das ist noch gar nicht so lange her &#8211; sind auch in unseren Breiten immer wieder<\/p>\n","protected":false},"author":1,"featured_media":0,"parent":44,"menu_order":3,"comment_status":"closed","ping_status":"closed","template":"","meta":{"footnotes":""},"class_list":["post-53","page","type-page","status-publish","hentry"],"_links":{"self":[{"href":"https:\/\/wp.internist-ab.de\/index.php?rest_route=\/wp\/v2\/pages\/53","targetHints":{"allow":["GET"]}}],"collection":[{"href":"https:\/\/wp.internist-ab.de\/index.php?rest_route=\/wp\/v2\/pages"}],"about":[{"href":"https:\/\/wp.internist-ab.de\/index.php?rest_route=\/wp\/v2\/types\/page"}],"author":[{"embeddable":true,"href":"https:\/\/wp.internist-ab.de\/index.php?rest_route=\/wp\/v2\/users\/1"}],"replies":[{"embeddable":true,"href":"https:\/\/wp.internist-ab.de\/index.php?rest_route=%2Fwp%2Fv2%2Fcomments&post=53"}],"version-history":[{"count":9,"href":"https:\/\/wp.internist-ab.de\/index.php?rest_route=\/wp\/v2\/pages\/53\/revisions"}],"predecessor-version":[{"id":1607,"href":"https:\/\/wp.internist-ab.de\/index.php?rest_route=\/wp\/v2\/pages\/53\/revisions\/1607"}],"up":[{"embeddable":true,"href":"https:\/\/wp.internist-ab.de\/index.php?rest_route=\/wp\/v2\/pages\/44"}],"wp:attachment":[{"href":"https:\/\/wp.internist-ab.de\/index.php?rest_route=%2Fwp%2Fv2%2Fmedia&parent=53"}],"curies":[{"name":"wp","href":"https:\/\/api.w.org\/{rel}","templated":true}]}}