{"id":51,"date":"2013-07-25T19:17:29","date_gmt":"2013-07-25T17:17:29","guid":{"rendered":"http:\/\/wp.internist-ab.de\/?page_id=51"},"modified":"2021-11-06T18:47:23","modified_gmt":"2021-11-06T17:47:23","slug":"vorsorge","status":"publish","type":"page","link":"https:\/\/wp.internist-ab.de\/?page_id=51","title":{"rendered":"Vorsorge"},"content":{"rendered":"<div>\n<p><span style=\"font-family: georgia, palatino, serif;\"><span style=\"color: #000000;\"> Vorsorgema\u00dfnahmen sind wichtig. Die gesetzliche Krankenversicherung zahlt ab dem 35. Lebensjahr alle drei Jahre den sogenannten &#8222;Checkup 35&#8220; mit einem &#8211; aus unserer Sicht nicht ausreichenden &#8211; Basisprogramm an Untersuchungen. Nehmen Sie diese Angebote an &#8211; nur so k\u00f6nnen Sie Ihren Gesundheitszustand \u00fcberwachen und optimal steuern. Wenn Sie dar\u00fcber hinaus sinnvolle Vorsorge betreiben m\u00f6chten, beraten wir Sie gerne.<\/span> <a title=\"Gesundheit nach Ma\u00df\" href=\"https:\/\/wp.internist-ab.de\/?page_id=46\">Hier<\/a> <span style=\"color: #000000;\">finden Sie mehr Informationen dazu.<\/span><\/span><\/p>\n<p><span style=\"font-family: georgia, palatino, serif;\"><a href=\"http:\/\/www.g-ba.de\/informationen\/richtlinien\/17\/\" target=\"_blank\" rel=\"noopener\">Krebsfr\u00fcherkennungvorsorge-Richtlinien <\/a><\/span><\/p>\n<\/div>\n","protected":false},"excerpt":{"rendered":"<p>Vorsorgema\u00dfnahmen sind wichtig. Die gesetzliche Krankenversicherung zahlt ab dem 35. Lebensjahr alle drei Jahre den sogenannten &#8222;Checkup 35&#8220; mit einem &#8211; aus unserer Sicht nicht ausreichenden &#8211; Basisprogramm an Untersuchungen. Nehmen Sie diese Angebote an &#8211; nur so k\u00f6nnen Sie<\/p>\n","protected":false},"author":1,"featured_media":0,"parent":44,"menu_order":1,"comment_status":"closed","ping_status":"closed","template":"","meta":{"footnotes":""},"class_list":["post-51","page","type-page","status-publish","hentry"],"_links":{"self":[{"href":"https:\/\/wp.internist-ab.de\/index.php?rest_route=\/wp\/v2\/pages\/51","targetHints":{"allow":["GET"]}}],"collection":[{"href":"https:\/\/wp.internist-ab.de\/index.php?rest_route=\/wp\/v2\/pages"}],"about":[{"href":"https:\/\/wp.internist-ab.de\/index.php?rest_route=\/wp\/v2\/types\/page"}],"author":[{"embeddable":true,"href":"https:\/\/wp.internist-ab.de\/index.php?rest_route=\/wp\/v2\/users\/1"}],"replies":[{"embeddable":true,"href":"https:\/\/wp.internist-ab.de\/index.php?rest_route=%2Fwp%2Fv2%2Fcomments&post=51"}],"version-history":[{"count":3,"href":"https:\/\/wp.internist-ab.de\/index.php?rest_route=\/wp\/v2\/pages\/51\/revisions"}],"predecessor-version":[{"id":1600,"href":"https:\/\/wp.internist-ab.de\/index.php?rest_route=\/wp\/v2\/pages\/51\/revisions\/1600"}],"up":[{"embeddable":true,"href":"https:\/\/wp.internist-ab.de\/index.php?rest_route=\/wp\/v2\/pages\/44"}],"wp:attachment":[{"href":"https:\/\/wp.internist-ab.de\/index.php?rest_route=%2Fwp%2Fv2%2Fmedia&parent=51"}],"curies":[{"name":"wp","href":"https:\/\/api.w.org\/{rel}","templated":true}]}}