{"id":48,"date":"2013-07-25T19:14:45","date_gmt":"2013-07-25T17:14:45","guid":{"rendered":"http:\/\/wp.internist-ab.de\/?page_id=48"},"modified":"2025-08-16T20:55:19","modified_gmt":"2025-08-16T18:55:19","slug":"schulungen","status":"publish","type":"page","link":"https:\/\/wp.internist-ab.de\/?page_id=48","title":{"rendered":"Schulungen"},"content":{"rendered":"<h3><span style=\"color: #000000;\">Unsere Schulungsangebote<\/span><\/h3>\n<p><span style=\"color: #000000;\">Viele Erkrankungen lassen sich nur dann vern\u00fcnftig und erfolgreich behandeln, wenn Arzt und Patient zusammenarbeiten. Dies setzt voraus, dass der Patient weiss, worum es sich bei seiner individuellen Erkrankung \u00fcberhaupt dreht und was dabei im Einzelnen passiert, wo die Gefahren der Erkrankung und die m\u00f6glichen Angriffspunkte f\u00fcr eine Therapie liegen. Insbesondere gilt dies f\u00fcr chronische Erkrankungen wie Bluthochdruck und Diabetes mellitus.<\/span><\/p>\n<p><span style=\"color: #000000;\">Wir bieten Ihnen zus\u00e4tzlich zum individuellen Gespr\u00e4ch verschiedene Schulungen an, in denen Ihnen in Kleingruppen fundiertes Wissen vermittelt wird, verst\u00e4ndlich aufbereitet und ohne unn\u00f6tige Fachbegriffe. So lernen Sie, mit Ihrer Erkrankung umzugehen und in Zusammenarbeit mit uns das Optimum aus den einzelnen Therapiema\u00dfnahmen herauszuholen.<\/span><\/p>\n<h3><span style=\"color: #000000;\">Schulungsthemen<\/span><\/h3>\n<ul>\n<li><span style=\"color: #000000;\">Bluthochdruck<\/span><\/li>\n<li><span style=\"color: #000000;\">Diabetes mellitus Typ 2<\/span><\/li>\n<li><span style=\"color: #000000;\">Raucherentw\u00f6hnung<\/span><\/li>\n<li><span style=\"color: #000000;\">Ern\u00e4hrungsberatung : \u00dcbergewicht ist ein wichtiger und oft untersch\u00e4tzter Risikofaktor f\u00fcr das Entstehen von Erkrankungen aller Art. H\u00e4ufig k\u00f6nnen bereits bestehende Erkrankungen wie Herzinsuffizienz, Bluthochdruck und auch Diabetes mellitus durch eine Gewichtsreduktion zwar nicht geheilt, aber deutlich gebessert werden.<\/span><\/li>\n<li><span style=\"color: #000000;\">Sie m\u00f6chten abnehmen? Wir helfen Ihnen dabei. Unsere Praxis bietet Ihnen fundierte Schulungsprogramme an, in denen Ihnen in Zusammenarbeit mit einer staatlich gepr\u00fcften Ern\u00e4hrungsberaterin (DGE) ein \u00e4rztlich betreutes Abnehmen erm\u00f6glicht wird.<\/span><\/li>\n<\/ul>\n<p><span style=\"color: #000000;\">Diese Schulungen bedeuten f\u00fcr uns einen erheblichen zeitlichen, personellen und organisatorischen Aufwand. Aus diesem Grund ist die Teilnahme daran kostenpflichtig, wobei Ihre Krankenversicherung sich in vielen F\u00e4llen an den Kosten beteiligen wird.<\/span><\/p>\n<p><span style=\"color: #000000;\">Sollten Sie Interesse an einer dieser Schulungen haben, sprechen Sie uns bitte direkt an.<\/span><\/p>\n","protected":false},"excerpt":{"rendered":"<p>Unsere Schulungsangebote Viele Erkrankungen lassen sich nur dann vern\u00fcnftig und erfolgreich behandeln, wenn Arzt und Patient zusammenarbeiten. Dies setzt voraus, dass der Patient weiss, worum es sich bei seiner individuellen Erkrankung \u00fcberhaupt dreht und was dabei im Einzelnen passiert, wo<\/p>\n","protected":false},"author":1,"featured_media":0,"parent":44,"menu_order":4,"comment_status":"closed","ping_status":"closed","template":"","meta":{"footnotes":""},"class_list":["post-48","page","type-page","status-publish","hentry"],"_links":{"self":[{"href":"https:\/\/wp.internist-ab.de\/index.php?rest_route=\/wp\/v2\/pages\/48","targetHints":{"allow":["GET"]}}],"collection":[{"href":"https:\/\/wp.internist-ab.de\/index.php?rest_route=\/wp\/v2\/pages"}],"about":[{"href":"https:\/\/wp.internist-ab.de\/index.php?rest_route=\/wp\/v2\/types\/page"}],"author":[{"embeddable":true,"href":"https:\/\/wp.internist-ab.de\/index.php?rest_route=\/wp\/v2\/users\/1"}],"replies":[{"embeddable":true,"href":"https:\/\/wp.internist-ab.de\/index.php?rest_route=%2Fwp%2Fv2%2Fcomments&post=48"}],"version-history":[{"count":4,"href":"https:\/\/wp.internist-ab.de\/index.php?rest_route=\/wp\/v2\/pages\/48\/revisions"}],"predecessor-version":[{"id":1608,"href":"https:\/\/wp.internist-ab.de\/index.php?rest_route=\/wp\/v2\/pages\/48\/revisions\/1608"}],"up":[{"embeddable":true,"href":"https:\/\/wp.internist-ab.de\/index.php?rest_route=\/wp\/v2\/pages\/44"}],"wp:attachment":[{"href":"https:\/\/wp.internist-ab.de\/index.php?rest_route=%2Fwp%2Fv2%2Fmedia&parent=48"}],"curies":[{"name":"wp","href":"https:\/\/api.w.org\/{rel}","templated":true}]}}