{"id":448,"date":"2015-09-20T21:01:11","date_gmt":"2015-09-20T19:01:11","guid":{"rendered":"http:\/\/wp.internist-ab.de\/?page_id=448"},"modified":"2026-04-12T10:01:55","modified_gmt":"2026-04-12T08:01:55","slug":"impressionen-aus-der-praxis","status":"publish","type":"page","link":"https:\/\/wp.internist-ab.de\/?page_id=448","title":{"rendered":"Impressionen aus der Praxis"},"content":{"rendered":"<p><span style=\"color: #000000;\">Fr\u00fcher war die Praxis in der Erthalstrasse; im September 2015 sind wir in die jetzigen R\u00e4ume in der Wei\u00dfenburger Stra\u00dfe umgezogen. Uns gef\u00e4llt&#8217;s. Wir hoffen, Ihnen auch.<\/span><\/p>\n<p>&nbsp;<\/p>\n<p><code id=\"envira_shortcode_749\"><div id=\"envira-gallery-wrap-749\" class=\"envira-gallery-wrap envira-gallery-theme-base envira-lightbox-theme-base\" itemscope itemtype=\"https:\/\/schema.org\/ImageGallery\"><div data-row-height=\"\" data-gallery-theme=\"\" id=\"envira-gallery-749\" class=\"envira-gallery-public  envira-gallery-2-columns envira-clear enviratope envira-gallery-css-animations\" data-envira-columns=\"2\"><div id=\"envira-gallery-item-452\" class=\"envira-gallery-item enviratope-item envira-gallery-item-1 envira-lazy-load\" style=\"padding-left: 5px; padding-bottom: 10px; padding-right: 5px;\"  itemscope itemtype=\"https:\/\/schema.org\/ImageObject\"><div class=\"envira-gallery-item-inner\"><div class=\"envira-gallery-position-overlay  envira-gallery-top-left\"><\/div><div class=\"envira-gallery-position-overlay  envira-gallery-top-right\"><\/div><div class=\"envira-gallery-position-overlay  envira-gallery-bottom-left\"><\/div><div class=\"envira-gallery-position-overlay  envira-gallery-bottom-right\"><\/div><a href=\"https:\/\/wp.internist-ab.de\/wp-content\/uploads\/2015\/09\/rezeption_a-300x200.jpg\" class=\"envira-gallery-749 envira-gallery-link\" rel=\"enviragallery749\" title=\"rezeption_a\" data-envira-caption=\"rezeption_a\" data-envira-retina=\"\" data-thumbnail=\"\"  itemprop=\"contentUrl\"><div class=\"envira-lazy\" data-test-width=\"640\" data-test-height=\"480\" style=\"padding-bottom:75%;\"><img decoding=\"async\" id=\"envira-gallery-image-452\" class=\"envira-gallery-image envira-gallery-image-1\" data-envira-index=\"1\" src=\"https:\/\/wp.internist-ab.de\/wp-content\/uploads\/2015\/09\/rezeption_a-1024x683-640x480.jpg\" data-envira-src=\"https:\/\/wp.internist-ab.de\/wp-content\/uploads\/2015\/09\/rezeption_a-1024x683-640x480.jpg\" data-envira-gallery-id=\"749\" data-envira-item-id=\"452\" data-envira-caption=\"rezeption_a\" alt=\"\" title=\"rezeption_a\"  itemprop=\"thumbnailUrl\" data-envira-srcset=\"https:\/\/wp.internist-ab.de\/wp-content\/uploads\/2015\/09\/rezeption_a-1024x683-640x480.jpg 400w,https:\/\/wp.internist-ab.de\/wp-content\/uploads\/2015\/09\/rezeption_a-1024x683-640x480.jpg 2x\" srcset=\"data:image\/gif;base64,R0lGODlhAQABAIAAAP\/\/\/\/\/\/\/yH5BAEKAAEALAAAAAABAAEAAAICTAEAOw==\" \/><\/div><\/a><\/div><\/div><div id=\"envira-gallery-item-451\" class=\"envira-gallery-item enviratope-item envira-gallery-item-2 envira-lazy-load\" style=\"padding-left: 5px; padding-bottom: 10px; padding-right: 5px;\"  itemscope itemtype=\"https:\/\/schema.org\/ImageObject\"><div class=\"envira-gallery-item-inner\"><div class=\"envira-gallery-position-overlay  envira-gallery-top-left\"><\/div><div class=\"envira-gallery-position-overlay  envira-gallery-top-right\"><\/div><div class=\"envira-gallery-position-overlay  envira-gallery-bottom-left\"><\/div><div class=\"envira-gallery-position-overlay  envira-gallery-bottom-right\"><\/div><a href=\"https:\/\/wp.internist-ab.de\/wp-content\/uploads\/2015\/09\/flur-200x300.jpg\" class=\"envira-gallery-749 envira-gallery-link\" rel=\"enviragallery749\" title=\"flur\" data-envira-caption=\"flur\" data-envira-retina=\"\" data-thumbnail=\"\"  itemprop=\"contentUrl\"><div class=\"envira-lazy\" data-test-width=\"640\" data-test-height=\"480\" style=\"padding-bottom:75%;\"><img decoding=\"async\" id=\"envira-gallery-image-451\" class=\"envira-gallery-image envira-gallery-image-2\" data-envira-index=\"2\" src=\"https:\/\/wp.internist-ab.de\/wp-content\/uploads\/2015\/09\/flur-640x480.jpg\" data-envira-src=\"https:\/\/wp.internist-ab.de\/wp-content\/uploads\/2015\/09\/flur-640x480.jpg\" data-envira-gallery-id=\"749\" data-envira-item-id=\"451\" data-envira-caption=\"flur\" alt=\"\" title=\"flur\"  itemprop=\"thumbnailUrl\" data-envira-srcset=\"https:\/\/wp.internist-ab.de\/wp-content\/uploads\/2015\/09\/flur-640x480.jpg 400w,https:\/\/wp.internist-ab.de\/wp-content\/uploads\/2015\/09\/flur-640x480.jpg 2x\" srcset=\"data:image\/gif;base64,R0lGODlhAQABAIAAAP\/\/\/\/\/\/\/yH5BAEKAAEALAAAAAABAAEAAAICTAEAOw==\" \/><\/div><\/a><\/div><\/div><div id=\"envira-gallery-item-456\" class=\"envira-gallery-item enviratope-item envira-gallery-item-3 envira-lazy-load\" style=\"padding-left: 5px; padding-bottom: 10px; padding-right: 5px;\"  itemscope itemtype=\"https:\/\/schema.org\/ImageObject\"><div class=\"envira-gallery-item-inner\"><div class=\"envira-gallery-position-overlay  envira-gallery-top-left\"><\/div><div class=\"envira-gallery-position-overlay  envira-gallery-top-right\"><\/div><div class=\"envira-gallery-position-overlay  envira-gallery-bottom-left\"><\/div><div class=\"envira-gallery-position-overlay  envira-gallery-bottom-right\"><\/div><a href=\"https:\/\/wp.internist-ab.de\/wp-content\/uploads\/2015\/09\/sp2-300x200.jpg\" class=\"envira-gallery-749 envira-gallery-link\" rel=\"enviragallery749\" title=\"sp2\" data-envira-caption=\"sp2\" data-envira-retina=\"\" data-thumbnail=\"\"  itemprop=\"contentUrl\"><div class=\"envira-lazy\" data-test-width=\"640\" data-test-height=\"480\" style=\"padding-bottom:75%;\"><img decoding=\"async\" id=\"envira-gallery-image-456\" class=\"envira-gallery-image envira-gallery-image-3\" data-envira-index=\"3\" src=\"https:\/\/wp.internist-ab.de\/wp-content\/uploads\/2015\/09\/sp2-1024x683-640x480.jpg\" data-envira-src=\"https:\/\/wp.internist-ab.de\/wp-content\/uploads\/2015\/09\/sp2-1024x683-640x480.jpg\" data-envira-gallery-id=\"749\" data-envira-item-id=\"456\" data-envira-caption=\"sp2\" alt=\"\" title=\"sp2\"  itemprop=\"thumbnailUrl\" data-envira-srcset=\"https:\/\/wp.internist-ab.de\/wp-content\/uploads\/2015\/09\/sp2-1024x683-640x480.jpg 400w,https:\/\/wp.internist-ab.de\/wp-content\/uploads\/2015\/09\/sp2-1024x683-640x480.jpg 2x\" srcset=\"data:image\/gif;base64,R0lGODlhAQABAIAAAP\/\/\/\/\/\/\/yH5BAEKAAEALAAAAAABAAEAAAICTAEAOw==\" \/><\/div><\/a><\/div><\/div><div id=\"envira-gallery-item-455\" class=\"envira-gallery-item enviratope-item envira-gallery-item-4 envira-lazy-load\" style=\"padding-left: 5px; padding-bottom: 10px; padding-right: 5px;\"  itemscope itemtype=\"https:\/\/schema.org\/ImageObject\"><div class=\"envira-gallery-item-inner\"><div class=\"envira-gallery-position-overlay  envira-gallery-top-left\"><\/div><div class=\"envira-gallery-position-overlay  envira-gallery-top-right\"><\/div><div class=\"envira-gallery-position-overlay  envira-gallery-bottom-left\"><\/div><div class=\"envira-gallery-position-overlay  envira-gallery-bottom-right\"><\/div><a href=\"https:\/\/wp.internist-ab.de\/wp-content\/uploads\/2015\/09\/sp1-300x232.jpg\" class=\"envira-gallery-749 envira-gallery-link\" rel=\"enviragallery749\" title=\"sp1\" data-envira-caption=\"sp1\" data-envira-retina=\"\" data-thumbnail=\"\"  itemprop=\"contentUrl\"><div class=\"envira-lazy\" data-test-width=\"640\" data-test-height=\"480\" style=\"padding-bottom:75%;\"><img decoding=\"async\" id=\"envira-gallery-image-455\" class=\"envira-gallery-image envira-gallery-image-4\" data-envira-index=\"4\" src=\"https:\/\/wp.internist-ab.de\/wp-content\/uploads\/2015\/09\/sp1-640x480.jpg\" data-envira-src=\"https:\/\/wp.internist-ab.de\/wp-content\/uploads\/2015\/09\/sp1-640x480.jpg\" data-envira-gallery-id=\"749\" data-envira-item-id=\"455\" data-envira-caption=\"sp1\" alt=\"\" title=\"sp1\"  itemprop=\"thumbnailUrl\" data-envira-srcset=\"https:\/\/wp.internist-ab.de\/wp-content\/uploads\/2015\/09\/sp1-640x480.jpg 400w,https:\/\/wp.internist-ab.de\/wp-content\/uploads\/2015\/09\/sp1-640x480.jpg 2x\" srcset=\"data:image\/gif;base64,R0lGODlhAQABAIAAAP\/\/\/\/\/\/\/yH5BAEKAAEALAAAAAABAAEAAAICTAEAOw==\" \/><\/div><\/a><\/div><\/div><div id=\"envira-gallery-item-454\" class=\"envira-gallery-item enviratope-item envira-gallery-item-5 envira-lazy-load\" style=\"padding-left: 5px; padding-bottom: 10px; padding-right: 5px;\"  itemscope itemtype=\"https:\/\/schema.org\/ImageObject\"><div class=\"envira-gallery-item-inner\"><div class=\"envira-gallery-position-overlay  envira-gallery-top-left\"><\/div><div class=\"envira-gallery-position-overlay  envira-gallery-top-right\"><\/div><div class=\"envira-gallery-position-overlay  envira-gallery-bottom-left\"><\/div><div class=\"envira-gallery-position-overlay  envira-gallery-bottom-right\"><\/div><a href=\"https:\/\/wp.internist-ab.de\/wp-content\/uploads\/2015\/09\/rezeption_c-300x200.jpg\" class=\"envira-gallery-749 envira-gallery-link\" rel=\"enviragallery749\" title=\"rezeption_c\" data-envira-caption=\"rezeption_c\" data-envira-retina=\"\" data-thumbnail=\"\"  itemprop=\"contentUrl\"><div class=\"envira-lazy\" data-test-width=\"640\" data-test-height=\"480\" style=\"padding-bottom:75%;\"><img decoding=\"async\" id=\"envira-gallery-image-454\" class=\"envira-gallery-image envira-gallery-image-5\" data-envira-index=\"5\" src=\"https:\/\/wp.internist-ab.de\/wp-content\/uploads\/2015\/09\/rezeption_c-1024x683-640x480.jpg\" data-envira-src=\"https:\/\/wp.internist-ab.de\/wp-content\/uploads\/2015\/09\/rezeption_c-1024x683-640x480.jpg\" data-envira-gallery-id=\"749\" data-envira-item-id=\"454\" data-envira-caption=\"rezeption_c\" alt=\"\" title=\"rezeption_c\"  itemprop=\"thumbnailUrl\" data-envira-srcset=\"https:\/\/wp.internist-ab.de\/wp-content\/uploads\/2015\/09\/rezeption_c-1024x683-640x480.jpg 400w,https:\/\/wp.internist-ab.de\/wp-content\/uploads\/2015\/09\/rezeption_c-1024x683-640x480.jpg 2x\" srcset=\"data:image\/gif;base64,R0lGODlhAQABAIAAAP\/\/\/\/\/\/\/yH5BAEKAAEALAAAAAABAAEAAAICTAEAOw==\" \/><\/div><\/a><\/div><\/div><div id=\"envira-gallery-item-378\" class=\"envira-gallery-item enviratope-item envira-gallery-item-6 envira-lazy-load\" style=\"padding-left: 5px; padding-bottom: 10px; padding-right: 5px;\"  itemscope itemtype=\"https:\/\/schema.org\/ImageObject\"><div class=\"envira-gallery-item-inner\"><div class=\"envira-gallery-position-overlay  envira-gallery-top-left\"><\/div><div class=\"envira-gallery-position-overlay  envira-gallery-top-right\"><\/div><div class=\"envira-gallery-position-overlay  envira-gallery-bottom-left\"><\/div><div class=\"envira-gallery-position-overlay  envira-gallery-bottom-right\"><\/div><a href=\"https:\/\/wp.internist-ab.de\/wp-content\/uploads\/2015\/04\/screenshot_11-04-2015-19-50-03-300x168.jpg\" class=\"envira-gallery-749 envira-gallery-link\" rel=\"enviragallery749\" title=\"screenshot_11-04-2015-19-50-03\" data-envira-caption=\"screenshot_11-04-2015-19-50-03\" data-envira-retina=\"\" data-thumbnail=\"\"  itemprop=\"contentUrl\"><div class=\"envira-lazy\" data-test-width=\"640\" data-test-height=\"480\" style=\"padding-bottom:75%;\"><img decoding=\"async\" id=\"envira-gallery-image-378\" class=\"envira-gallery-image envira-gallery-image-6\" data-envira-index=\"6\" src=\"https:\/\/wp.internist-ab.de\/wp-content\/uploads\/2015\/04\/screenshot_11-04-2015-19-50-03-640x480.jpg\" data-envira-src=\"https:\/\/wp.internist-ab.de\/wp-content\/uploads\/2015\/04\/screenshot_11-04-2015-19-50-03-640x480.jpg\" data-envira-gallery-id=\"749\" data-envira-item-id=\"378\" data-envira-caption=\"screenshot_11-04-2015-19-50-03\" alt=\"\" title=\"screenshot_11-04-2015-19-50-03\"  itemprop=\"thumbnailUrl\" data-envira-srcset=\"https:\/\/wp.internist-ab.de\/wp-content\/uploads\/2015\/04\/screenshot_11-04-2015-19-50-03-640x480.jpg 400w,https:\/\/wp.internist-ab.de\/wp-content\/uploads\/2015\/04\/screenshot_11-04-2015-19-50-03-640x480.jpg 2x\" srcset=\"data:image\/gif;base64,R0lGODlhAQABAIAAAP\/\/\/\/\/\/\/yH5BAEKAAEALAAAAAABAAEAAAICTAEAOw==\" \/><\/div><\/a><\/div><\/div><div id=\"envira-gallery-item-477\" class=\"envira-gallery-item enviratope-item envira-gallery-item-7 envira-lazy-load\" style=\"padding-left: 5px; padding-bottom: 10px; padding-right: 5px;\"  itemscope itemtype=\"https:\/\/schema.org\/ImageObject\"><div class=\"envira-gallery-item-inner\"><div class=\"envira-gallery-position-overlay  envira-gallery-top-left\"><\/div><div class=\"envira-gallery-position-overlay  envira-gallery-top-right\"><\/div><div class=\"envira-gallery-position-overlay  envira-gallery-bottom-left\"><\/div><div class=\"envira-gallery-position-overlay  envira-gallery-bottom-right\"><\/div><a href=\"https:\/\/wp.internist-ab.de\/wp-content\/uploads\/2015\/11\/praxis_aussenansicht-300x209.jpg\" class=\"envira-gallery-749 envira-gallery-link\" rel=\"enviragallery749\" title=\"praxis_aussenansicht\" data-envira-caption=\"praxis_aussenansicht\" data-envira-retina=\"\" data-thumbnail=\"\"  itemprop=\"contentUrl\"><div class=\"envira-lazy\" data-test-width=\"640\" data-test-height=\"480\" style=\"padding-bottom:75%;\"><img decoding=\"async\" id=\"envira-gallery-image-477\" class=\"envira-gallery-image envira-gallery-image-7\" data-envira-index=\"7\" src=\"https:\/\/wp.internist-ab.de\/wp-content\/uploads\/2015\/11\/praxis_aussenansicht-1024x712-640x480.jpg\" data-envira-src=\"https:\/\/wp.internist-ab.de\/wp-content\/uploads\/2015\/11\/praxis_aussenansicht-1024x712-640x480.jpg\" data-envira-gallery-id=\"749\" data-envira-item-id=\"477\" data-envira-caption=\"praxis_aussenansicht\" alt=\"Wei\u00dfenburger Str. 20-24\" title=\"praxis_aussenansicht\"  itemprop=\"thumbnailUrl\" data-envira-srcset=\"https:\/\/wp.internist-ab.de\/wp-content\/uploads\/2015\/11\/praxis_aussenansicht-1024x712-640x480.jpg 400w,https:\/\/wp.internist-ab.de\/wp-content\/uploads\/2015\/11\/praxis_aussenansicht-1024x712-640x480.jpg 2x\" srcset=\"data:image\/gif;base64,R0lGODlhAQABAIAAAP\/\/\/\/\/\/\/yH5BAEKAAEALAAAAAABAAEAAAICTAEAOw==\" \/><\/div><\/a><\/div><\/div><\/div><\/div><noscript><img decoding=\"async\" src=\"https:\/\/wp.internist-ab.de\/wp-content\/uploads\/2015\/09\/rezeption_a.jpg\" alt=\"\" \/><img decoding=\"async\" src=\"https:\/\/wp.internist-ab.de\/wp-content\/uploads\/2015\/09\/flur.jpg\" alt=\"\" \/><img decoding=\"async\" src=\"https:\/\/wp.internist-ab.de\/wp-content\/uploads\/2015\/09\/sp2.jpg\" alt=\"\" \/><img decoding=\"async\" src=\"https:\/\/wp.internist-ab.de\/wp-content\/uploads\/2015\/09\/sp1.jpg\" alt=\"\" \/><img decoding=\"async\" src=\"https:\/\/wp.internist-ab.de\/wp-content\/uploads\/2015\/09\/rezeption_c.jpg\" alt=\"\" \/><img decoding=\"async\" src=\"https:\/\/wp.internist-ab.de\/wp-content\/uploads\/2015\/04\/screenshot_11-04-2015-19-50-03.jpg\" alt=\"\" \/><img decoding=\"async\" src=\"https:\/\/wp.internist-ab.de\/wp-content\/uploads\/2015\/11\/praxis_aussenansicht.jpg\" alt=\"Wei\u00dfenburger Str. 20-24\" \/><\/noscript><\/code><\/p>\n<p>&nbsp;<\/p>\n<p>&nbsp;<\/p>\n<p>&nbsp;<\/p>\n<p>&nbsp;<\/p>\n<p>&nbsp;<\/p>\n<p>&nbsp;<\/p>\n<p>&nbsp;<\/p>\n","protected":false},"excerpt":{"rendered":"<p>Fr\u00fcher war die Praxis in der Erthalstrasse; im September 2015 sind wir in die jetzigen R\u00e4ume in der Wei\u00dfenburger Stra\u00dfe umgezogen. Uns gef\u00e4llt&#8217;s. Wir hoffen, Ihnen auch. &nbsp; &nbsp; &nbsp; &nbsp; &nbsp; &nbsp; &nbsp; &nbsp;<\/p>\n","protected":false},"author":1,"featured_media":0,"parent":14,"menu_order":5,"comment_status":"closed","ping_status":"closed","template":"","meta":{"footnotes":""},"class_list":["post-448","page","type-page","status-publish","hentry"],"_links":{"self":[{"href":"https:\/\/wp.internist-ab.de\/index.php?rest_route=\/wp\/v2\/pages\/448","targetHints":{"allow":["GET"]}}],"collection":[{"href":"https:\/\/wp.internist-ab.de\/index.php?rest_route=\/wp\/v2\/pages"}],"about":[{"href":"https:\/\/wp.internist-ab.de\/index.php?rest_route=\/wp\/v2\/types\/page"}],"author":[{"embeddable":true,"href":"https:\/\/wp.internist-ab.de\/index.php?rest_route=\/wp\/v2\/users\/1"}],"replies":[{"embeddable":true,"href":"https:\/\/wp.internist-ab.de\/index.php?rest_route=%2Fwp%2Fv2%2Fcomments&post=448"}],"version-history":[{"count":8,"href":"https:\/\/wp.internist-ab.de\/index.php?rest_route=\/wp\/v2\/pages\/448\/revisions"}],"predecessor-version":[{"id":2080,"href":"https:\/\/wp.internist-ab.de\/index.php?rest_route=\/wp\/v2\/pages\/448\/revisions\/2080"}],"up":[{"embeddable":true,"href":"https:\/\/wp.internist-ab.de\/index.php?rest_route=\/wp\/v2\/pages\/14"}],"wp:attachment":[{"href":"https:\/\/wp.internist-ab.de\/index.php?rest_route=%2Fwp%2Fv2%2Fmedia&parent=448"}],"curies":[{"name":"wp","href":"https:\/\/api.w.org\/{rel}","templated":true}]}}