{"id":44,"date":"2013-07-25T19:09:12","date_gmt":"2013-07-25T17:09:12","guid":{"rendered":"http:\/\/wp.internist-ab.de\/?page_id=44"},"modified":"2024-01-31T21:26:30","modified_gmt":"2024-01-31T20:26:30","slug":"unsere-angebote","status":"publish","type":"page","link":"https:\/\/wp.internist-ab.de\/?page_id=44","title":{"rendered":"Was k\u00f6nnen wir f\u00fcr Sie tun?"},"content":{"rendered":"<h3><span style=\"color: #000000;\">Unser Angebot f\u00fcr Sie umfa\u00dft die folgenden Bereiche:<\/span><\/h3>\n<ul>\n<li><span style=\"color: #000000;\">haus\u00e4rztliche Versorgung<\/span><\/li>\n<li><span style=\"color: #000000;\">internistische Untersuchungen und Therapie bei akuten und chronischen Erkrankungen, speziell Diagnostik und Therapie bei Diabetes, Bluthochdruck-, Nieren- und Schilddr\u00fcsenerkrankungen, Ruhe-EKG, Belastungs-EKG, 24-Stunden-EKG, 24-Stunden-Blutdruckmessung, Lungenfunktionsmessung, Ultraschalluntersuchungen des Bauches und der Schilddr\u00fcse, Ultraschall-Duplexuntersuchungen der Halsschlagadern<\/span><\/li>\n<li><span style=\"color: #000000;\">Check-Up und<\/span> <a title=\"Gesundheit nach Ma\u00df\" href=\"https:\/\/wp.internist-ab.de\/?page_id=46\" target=\"_blank\" rel=\"noopener\">Vorsorgeuntersuchungen nach Ma\u00df<\/a><\/li>\n<li><span style=\"color: #000000;\">Krebsvor- und -nachsorge<\/span><\/li>\n<li><span style=\"color: #000000;\">Hautkrebsscreening<\/span><\/li>\n<li><span style=\"color: #000000;\">Jugendschutzuntersuchungen<\/span><\/li>\n<li><span style=\"color: #000000;\">sportmedizinische Untersuchungen<\/span><\/li>\n<li><span style=\"color: #000000;\">Fahrerlaubnisuntersuchungen<\/span><\/li>\n<li><a title=\"Impfungen\" href=\"https:\/\/wp.internist-ab.de\/?page_id=53\">Impfungen<\/a> <span style=\"color: #000000;\">aller Art<\/span>, <a title=\"Wollen Sie verreisen?\" href=\"https:\/\/wp.internist-ab.de\/?page_id=56\">qualifizierte reisemedizinische Beratung<\/a><\/li>\n<li><span style=\"color: #000000;\">Diabetesschulung, qualifizierte Ern\u00e4hrungs- und Di\u00e4tberatung auch bei speziellen Erkrankungen<\/span><\/li>\n<li><span style=\"color: #000000;\">Teilnahme an DMP (Diabetes, KHK, COPD und Asthma)<\/span><\/li>\n<li><span style=\"color: #000000;\">Gewichtsreduktionsprogramme<\/span><\/li>\n<li><span style=\"color: #000000;\">Blutdruckschulung (mehr zum Thema Schulungsangebote erfahren Sie<\/span> <a title=\"Schulungen\" href=\"https:\/\/wp.internist-ab.de\/?page_id=48\">hier<\/a>)<\/li>\n<li><span style=\"color: #000000;\">DocStop: wir sind eine Anlaufstelle f\u00fcr Fernfahrer, die im Rahmen akuter nicht-lebensbedrohlicher Erkrankungen schnelle \u00e4rztliche Hilfe ben\u00f6tigen. Mehr Infos dazu<\/span> <a title=\"DocStop\" href=\"http:\/\/www.docstoponline.eu\/\" target=\"_blank\" rel=\"noopener\">hier.<\/a><\/li>\n<li><span style=\"color: #000000;\">Rentengutachten: Dr. Rehbein ist seit vielen Jahren als Gutachter f\u00fcr die<\/span> <a title=\"DRV\" href=\"http:\/\/www.deutsche-rentenversicherung.de\" target=\"_blank\" rel=\"noopener\">Deutsche Rentenversicherung<\/a> <span style=\"color: #000000;\">f\u00fcr das Fachgebiet Innere Medizin t\u00e4tig<\/span><\/li>\n<\/ul>\n<p><a href=\"https:\/\/wp.internist-ab.de\/wp-content\/uploads\/2013\/07\/igel_transparent.gif\"><img loading=\"lazy\" decoding=\"async\" class=\"alignright size-full wp-image-153\" style=\"margin: 0px; border: 0px none;\" src=\"https:\/\/wp.internist-ab.de\/wp-content\/uploads\/2013\/07\/igel_transparent.gif\" alt=\"igel_transparent\" width=\"150\" height=\"95\" \/><\/a><\/p>\n<p>&nbsp;<\/p>\n<p><span style=\"color: #000000;\">Die oben genannten Leistungen sind nur teilweise Leistungen der gesetzlichen Krankenkassen mit voller Kosten\u00fcbernahme. Die \u00fcbrigen Angebote fallen in den Bereich der sogenannten individuellen Gesundheitsleistungen (IGeL) und sind daher f\u00fcr Sie unter Umst\u00e4nden mit einer anteiligen oder ggf. auch kompletten Eigenbeteiligung an den Kosten verbunden. F\u00fcr entsprechende Informationen steht Ihnen das Praxisteam jederzeit zur Verf\u00fcgung. Mehr Informationen zum Thema finden Sie <a style=\"color: #000000;\" title=\"Gesundheit nach Ma\u00df\" href=\"https:\/\/wp.internist-ab.de\/?page_id=46\">hier<\/a>.<\/span><\/p>\n<p><span style=\"color: #000000;\">Sollten Sie besondere W\u00fcnsche hinsichtlich Diagnostik und Behandlung oder sonstige Anliegen haben &#8211; sprechen Sie uns an. Wir haben immer ein offenes Ohr f\u00fcr Ihre individuellen Bed\u00fcrfnisse und werden tun, was im Rahmen unserer M\u00f6glichkeiten liegt.<\/span><\/p>\n","protected":false},"excerpt":{"rendered":"<p>Unser Angebot f\u00fcr Sie umfa\u00dft die folgenden Bereiche: haus\u00e4rztliche Versorgung internistische Untersuchungen und Therapie bei akuten und chronischen Erkrankungen, speziell Diagnostik und Therapie bei Diabetes, Bluthochdruck-, Nieren- und Schilddr\u00fcsenerkrankungen, Ruhe-EKG, Belastungs-EKG, 24-Stunden-EKG, 24-Stunden-Blutdruckmessung, Lungenfunktionsmessung, Ultraschalluntersuchungen des Bauches und der Schilddr\u00fcse,<\/p>\n","protected":false},"author":1,"featured_media":0,"parent":12,"menu_order":2,"comment_status":"closed","ping_status":"closed","template":"","meta":{"footnotes":""},"class_list":["post-44","page","type-page","status-publish","hentry"],"_links":{"self":[{"href":"https:\/\/wp.internist-ab.de\/index.php?rest_route=\/wp\/v2\/pages\/44","targetHints":{"allow":["GET"]}}],"collection":[{"href":"https:\/\/wp.internist-ab.de\/index.php?rest_route=\/wp\/v2\/pages"}],"about":[{"href":"https:\/\/wp.internist-ab.de\/index.php?rest_route=\/wp\/v2\/types\/page"}],"author":[{"embeddable":true,"href":"https:\/\/wp.internist-ab.de\/index.php?rest_route=\/wp\/v2\/users\/1"}],"replies":[{"embeddable":true,"href":"https:\/\/wp.internist-ab.de\/index.php?rest_route=%2Fwp%2Fv2%2Fcomments&post=44"}],"version-history":[{"count":16,"href":"https:\/\/wp.internist-ab.de\/index.php?rest_route=\/wp\/v2\/pages\/44\/revisions"}],"predecessor-version":[{"id":1637,"href":"https:\/\/wp.internist-ab.de\/index.php?rest_route=\/wp\/v2\/pages\/44\/revisions\/1637"}],"up":[{"embeddable":true,"href":"https:\/\/wp.internist-ab.de\/index.php?rest_route=\/wp\/v2\/pages\/12"}],"wp:attachment":[{"href":"https:\/\/wp.internist-ab.de\/index.php?rest_route=%2Fwp%2Fv2%2Fmedia&parent=44"}],"curies":[{"name":"wp","href":"https:\/\/api.w.org\/{rel}","templated":true}]}}