{"id":31,"date":"2013-07-24T17:30:56","date_gmt":"2013-07-24T15:30:56","guid":{"rendered":"http:\/\/wp.internist-ab.de\/?page_id=31"},"modified":"2026-03-24T22:52:32","modified_gmt":"2026-03-24T21:52:32","slug":"sprechzeiten","status":"publish","type":"page","link":"https:\/\/wp.internist-ab.de\/?page_id=31","title":{"rendered":"Sprechzeiten"},"content":{"rendered":"<p>&nbsp;<\/p>\n<h3><span style=\"color: #000000;\">Unsere Sprechzeiten f\u00fcr Sie:<\/span><\/h3>\n<table style=\"width: 100%; border-collapse: collapse; border-style: hidden; height: 72px;\">\n<tbody>\n<tr style=\"height: 24px;\">\n<td style=\"width: 204.85px; height: 24px;\"><span style=\"color: #000000;\">Mo -Fr<\/span><\/td>\n<td style=\"width: 1172.15px; height: 24px;\"><span style=\"color: #000000;\">08-12 Uhr<\/span><\/td>\n<\/tr>\n<tr style=\"height: 24px;\">\n<td style=\"width: 204.85px; height: 24px;\"><span style=\"color: #000000;\">Mo, Do<\/span><\/td>\n<td style=\"width: 1172.15px; height: 24px;\"><span style=\"color: #000000;\">14-17 Uhr<\/span><\/td>\n<\/tr>\n<tr style=\"height: 24px;\">\n<td style=\"width: 204.85px; height: 24px;\"><span style=\"color: #000000;\">Di<\/span><\/td>\n<td style=\"width: 1172.15px; height: 24px;\"><span style=\"color: #000000;\">15-18 Uhr<\/span><\/td>\n<\/tr>\n<\/tbody>\n<\/table>\n<p><span style=\"color: #000000;\">Sie erleichtern unsere Planung und vermindern Wartezeiten f\u00fcr sich und andere Patienten, wenn Sie Ihre Terminw\u00fcnsche m\u00f6glichst fr\u00fchzeitig vereinbaren.\u00a0 Das geht telefonisch, per<\/span> <strong><a title=\"Kontakt\" href=\"https:\/\/wp.internist-ab.de\/?page_id=33\"><span style=\"color: #0000ff;\">eMail<\/span><\/a><\/strong> <span style=\"color: #000000;\">oder einfach <span style=\"color: #3366ff;\"><strong><a style=\"color: #3366ff;\" href=\"https:\/\/www.termin-patmed.de\/p\/7605b089-3446-4617-a77d-70681ddfd15d\" target=\"_blank\" rel=\"noopener\"><span style=\"color: #0000ff;\">online<\/span><\/a><\/strong><\/span>. Sie erreichen uns auch per Messenger oder SMS &#8211; mehr Informationen dazu finden Sie<\/span><span style=\"color: #0000ff;\"> <strong><a style=\"color: #0000ff;\" href=\"https:\/\/wp.internist-ab.de\/?p=1095\" target=\"_blank\" rel=\"noopener noreferrer\"><span style=\"color: #3366ff;\"><span style=\"color: #0000ff;\">hier<\/span><\/span><\/a><\/strong>.<\/span><\/p>\n<p><span style=\"color: #000000;\">Wir arbeiten z\u00fcgig und effizient, aber hin und wieder ben\u00f6tigt der eine oder andere Patient etwas mehr Zeit. Wir bem\u00fchen uns, unangemessene Wartezeiten f\u00fcr Sie m\u00f6glichst zu vermeiden, bitten Sie jedoch um Verst\u00e4ndnis, wenn individuelle Gegebenheiten und Notf\u00e4lle gelegentlich eine Ab\u00e4nderung der Patientenreihenfolge in der Sprechstunde und damit eine etwas l\u00e4ngere Wartezeit bedingen.<\/span><\/p>\n<p><strong><a title=\"Ab 1.1. keine Rezepte ohne Vorlage einer g\u00fcltigen Versicherungskarte\" href=\"https:\/\/wp.internist-ab.de\/?p=330\">Bitte bringen Sie Ihre Krankenversichertenkarte mit<\/a><\/strong> <span style=\"color: #000000;\">und legen Sie uns, sofern vorhanden, die Bescheinigung Ihrer Krankenkasse \u00fcber die Befreiung von Zuzahlungen vor.<\/span><\/p>\n<hr \/>\n<h4><span style=\"color: #000000;\">Ihre Vorgeschichte<\/span><\/h4>\n<p><span style=\"color: #000000;\"><strong>Sofern Sie das erste Mal bei uns sind,<\/strong> bitten wir Sie um einige Informationen zu Ihrer Vorgeschichte. Unseren<\/span> <a href=\"https:\/\/wp.internist-ab.de\/?ddownload=820\" title=\"<strong>Anamnesebogen<\/strong>\" rel=\"nofollow\" class=\"ddownload-link id-820 ext-pdf\"><strong>Anamnesebogen<\/strong><\/a> <span style=\"color: #000000;\">k\u00f6nnen Sie schon vorab ausf\u00fcllen und zum Termin mitbringen.<\/span><\/p>\n<hr \/>\n<h4><span style=\"color: #000000;\">Einwilligung zur Datenverarbeitung<\/span><\/h4>\n<p><span style=\"color: #000000;\">Die<\/span> <strong><a href=\"https:\/\/dsgvo-gesetz.de\/\" target=\"_blank\" rel=\"noopener noreferrer\">EU-DSGVO<\/a><\/strong> <span style=\"color: #000000;\">und das<\/span> <strong><a href=\"https:\/\/www.gesetze-im-internet.de\/bdsg_1990\/BDSG.pdf\" target=\"_blank\" rel=\"noopener noreferrer\">Bundesdatenschutzgesetz<\/a><\/strong> v<span style=\"color: #000000;\">erpflichten uns, von jedem Patienten die Unterzeichnung einer Erkl\u00e4rung zur <em>Einwilligung zur Datenverarbeitung gem\u00e4\u00df EU-Datenschutzgrundverordnung und zur Erhebung\/\u00dcbermittlung von Patientendaten gem. \u00a7 73 Abs. 1 b SGB V einzuholen.<\/em> Die Erhebung von Gesundheitsdaten ist Voraussetzung f\u00fcr Ihre Behandlung. Werden die notwendigen Informationen nicht bereitgestellt, kann eine sorgf\u00e4ltige Behandlung nicht erfolgen. Sie k\u00f6nnen das Formular f\u00fcr die Erkl\u00e4rung<\/span> <a href=\"https:\/\/wp.internist-ab.de\/?ddownload=919\" title=\"<strong>hier<\/strong>\" rel=\"nofollow\" class=\"ddownload-link id-919 ext-pdf\"><strong>hier<\/strong><\/a> <span style=\"color: #000000;\">herunterladen, nach Durchlesen in Ruhe zuhause ausf\u00fcllen und mitbringen.<\/span><\/p>\n<hr \/>\n<h4>Abholung von Rezepten, \u00dcberweisungen etc. durch Dritte:<\/h4>\n<p><span style=\"color: #000000;\">Die Datenschutzverordnung verpflichtet uns zum Einholen einer Vollmacht mit Ident\u00e4ts\u00fcberpr\u00fcfung, sofern nicht Sie selbst, sondern Dritte in Ihrem Auftrag bestellte Rezepte etc abholen sollen.<\/span> <a href=\"https:\/\/wp.internist-ab.de\/?ddownload=976\" title=\"<strong>Hier<\/strong>\" rel=\"nofollow\" class=\"ddownload-link id-976 ext-pdf\"><strong>Hier<\/strong><\/a><span style=\"color: #000000;\"> k\u00f6nnen Sie ein Formular zur Erteilung einer entsprechenden Vollmacht herunterladen, zu Hause ausf\u00fcllen und Ihrer\/m Bevollm\u00e4chtigten mitgeben. <\/span><strong><span style=\"color: #ff0000;\">Ohne diese Vollmacht d\u00fcrfen wir leider keinerlei personenbezogene Unterlagen mehr aush\u00e4ndigen.<\/span><\/strong><\/p>\n<hr \/>\n<h4><span style=\"color: #000000;\">Hausarztvertr\u00e4ge<\/span><\/h4>\n<p><span style=\"color: #000000;\">Unsere Praxis nimmt <strong><span style=\"text-decoration: underline;\">nicht<\/span><\/strong> an den Hausarztmodellen der Krankenkassen teil, weil wir der Meinung sind, da\u00df diese unn\u00fctze B\u00fcrokratie ohne Vorteile und mit vielen Nachteilen f\u00fcr Sie und uns darstellen.<\/span><\/p>\n<p><span style=\"color: #000000;\">Wenn Sie von einer anderen Praxis <strong>zu uns wechseln m\u00f6chten und vorher andernorts in einen Hausarztvertrag eingeschrieben waren<\/strong>, m\u00fcssen Sie diesen aktiv selber bei Ihrer Krankenkasse k\u00fcndigen, denn ansonsten d\u00fcrfen wir Sie au\u00dferhalb von Notf\u00e4llen nicht behandeln.<\/span><\/p>\n<hr \/>\n<h4><span style=\"color: #000000;\">Hausbesuche und Notf\u00e4lle<\/span><\/h4>\n<p><span style=\"color: #000000;\">Hausbesuche f\u00fchren wir bei Notwendigkeit nach Absprache durch, wobei wir um rechtzeitige Anmeldung bitten. In dringenden Notf\u00e4llen k\u00f6nnen Sie uns nat\u00fcrlich jederzeit um einen Hausbesuch bitten. Ausserhalb der Sprechzeiten ist der \u00c4rztliche Bereitschaftsdienst unter der geb\u00fchrenfreien Telefonnummer <strong>116 117<\/strong> erreichbar.<\/span><\/p>\n<p><span style=\"color: #000000;\">In<\/span> <span style=\"color: #ff0000;\"><strong>dringenden lebensbedrohlichen Notf\u00e4llen<\/strong><\/span> <span style=\"color: #000000;\">rufen Sie bitte unverz\u00fcglich den Rettungsdienst unter der Telefonnummer <strong>112<\/strong> an.<\/span><\/p>\n<p><span style=\"color: #000000;\">Die aktuell diensthabende Apotheke k\u00f6nnen Sie online<\/span> <strong><a href=\"http:\/\/www.aponet.de\/service\/notdienstapotheke-finden.html\" target=\"_blank\" rel=\"noopener noreferrer\">hier<\/a><\/strong> <span style=\"color: #000000;\">herausfinden oder kostenfrei unter der Nummer 0800 &#8211; 2282280 erfragen.<\/span><\/p>\n","protected":false},"excerpt":{"rendered":"<p>&nbsp; Unsere Sprechzeiten f\u00fcr Sie: Mo -Fr 08-12 Uhr Mo, Do 14-17 Uhr Di 15-18 Uhr Sie erleichtern unsere Planung und vermindern Wartezeiten f\u00fcr sich und andere Patienten, wenn Sie Ihre Terminw\u00fcnsche m\u00f6glichst fr\u00fchzeitig vereinbaren.\u00a0 Das geht telefonisch, per eMail<\/p>\n","protected":false},"author":1,"featured_media":0,"parent":0,"menu_order":4,"comment_status":"closed","ping_status":"closed","template":"","meta":{"footnotes":""},"class_list":["post-31","page","type-page","status-publish","hentry"],"_links":{"self":[{"href":"https:\/\/wp.internist-ab.de\/index.php?rest_route=\/wp\/v2\/pages\/31","targetHints":{"allow":["GET"]}}],"collection":[{"href":"https:\/\/wp.internist-ab.de\/index.php?rest_route=\/wp\/v2\/pages"}],"about":[{"href":"https:\/\/wp.internist-ab.de\/index.php?rest_route=\/wp\/v2\/types\/page"}],"author":[{"embeddable":true,"href":"https:\/\/wp.internist-ab.de\/index.php?rest_route=\/wp\/v2\/users\/1"}],"replies":[{"embeddable":true,"href":"https:\/\/wp.internist-ab.de\/index.php?rest_route=%2Fwp%2Fv2%2Fcomments&post=31"}],"version-history":[{"count":91,"href":"https:\/\/wp.internist-ab.de\/index.php?rest_route=\/wp\/v2\/pages\/31\/revisions"}],"predecessor-version":[{"id":209,"href":"https:\/\/wp.internist-ab.de\/index.php?rest_route=\/wp\/v2\/pages\/31\/revisions\/209"}],"wp:attachment":[{"href":"https:\/\/wp.internist-ab.de\/index.php?rest_route=%2Fwp%2Fv2%2Fmedia&parent=31"}],"curies":[{"name":"wp","href":"https:\/\/api.w.org\/{rel}","templated":true}]}}