{"id":16,"date":"2013-07-24T17:14:06","date_gmt":"2013-07-24T15:14:06","guid":{"rendered":"http:\/\/wp.internist-ab.de\/?page_id=16"},"modified":"2025-08-16T21:41:04","modified_gmt":"2025-08-16T19:41:04","slug":"dr-med-christof-rehbein","status":"publish","type":"page","link":"https:\/\/wp.internist-ab.de\/?page_id=16","title":{"rendered":"Dr. med. Christof Rehbein"},"content":{"rendered":"<p><span style=\"color: #000000;\">Facharzt f\u00fcr Innere Medizin und Notfallmedizin<\/span><\/p>\n<p><a href=\"https:\/\/wp.internist-ab.de\/wp-content\/uploads\/2017\/10\/cjr_b.jpg\"><img loading=\"lazy\" decoding=\"async\" class=\"aligncenter size-large wp-image-729\" src=\"https:\/\/wp.internist-ab.de\/wp-content\/uploads\/2017\/10\/cjr_b-1024x683.jpg\" alt=\"\" width=\"720\" height=\"480\" srcset=\"https:\/\/wp.internist-ab.de\/wp-content\/uploads\/2017\/10\/cjr_b.jpg 1024w, https:\/\/wp.internist-ab.de\/wp-content\/uploads\/2017\/10\/cjr_b-300x200.jpg 300w, https:\/\/wp.internist-ab.de\/wp-content\/uploads\/2017\/10\/cjr_b-768x512.jpg 768w\" sizes=\"auto, (max-width: 720px) 100vw, 720px\" \/><\/a><\/p>\n<ul>\n<li><span style=\"color: #000000;\">geboren 1965, aufgewachsen in Karlsruhe<\/span><\/li>\n<li><span style=\"color: #000000;\">Medizinstudium in Heidelberg und Mannheim<\/span><\/li>\n<\/ul>\n<p><span style=\"color: #000000;\"><strong>Ausbildungsstationen:<\/strong><\/span><\/p>\n<ol>\n<li><span style=\"color: #000000;\">Klinikum Mannheim, Pathologisches Institut<\/span><\/li>\n<li><span style=\"color: #000000;\">Kent &amp; Sussex Hospital, Tunbridge Wells, Kent, UK (Internal Medicine)<\/span><\/li>\n<li><span style=\"color: #000000;\">Royal Hospital for Sick Children, Glasgow, UK (Accident &amp; Emergency)<\/span><\/li>\n<li><span style=\"color: #000000;\">Aintree Hospitals, Liverpool, UK (Accident &amp; Emergency)<\/span><\/li>\n<li><span style=\"color: #000000;\">Universit\u00e4tsklinik Heidelberg, Klinik f\u00fcr Innere Medizin III (Kardiologie)<\/span><\/li>\n<li><span style=\"color: #000000;\">Dr.-Horst-Schmidt-Kliniken Wiesbaden, Klinik f\u00fcr Innere Medizin I und II (Gastroenterologie, Pulmologie, Kardiologie)<\/span><\/li>\n<li><span style=\"color: #000000;\">Klinikum Offenbach, Klinik f\u00fcr Innere Medizin I, II und III (Gastroenterologie, H\u00e4mato-Onkologie, Kardiologie, Nephrologie)<\/span><\/li>\n<\/ol>\n<p><span style=\"color: #000000;\">Anerkennung als Facharzt f\u00fcr Innere Medizin Juli 2002, Zusatzbezeichnung Notfallmedizin<\/span><\/p>\n<h3><span style=\"color: #000000;\">Medizinische Schwerpunkte:<\/span><\/h3>\n<ul>\n<li><span style=\"color: #000000;\">Bluthochdruck- und Nierenerkrankungen<\/span><\/li>\n<li><span style=\"color: #000000;\">Herzerkrankungen<\/span><\/li>\n<li><span style=\"color: #000000;\">Magen-, Darm- und Lebererkrankungen<\/span><\/li>\n<li><span style=\"color: #000000;\">Notfallmedizin, regelm\u00e4\u00dfige T\u00e4tigkeit als Notarzt, langj\u00e4hrige Dozentent\u00e4tigkeit in der Notarztweiterbildung<\/span><\/li>\n<li><span style=\"color: #000000;\">Sozialmedizin, langj\u00e4hrige T\u00e4tigkeit als Gutachter f\u00fcr die Deutsche Rentenversicherung<\/span><\/li>\n<\/ul>\n","protected":false},"excerpt":{"rendered":"<p>Facharzt f\u00fcr Innere Medizin und Notfallmedizin geboren 1965, aufgewachsen in Karlsruhe Medizinstudium in Heidelberg und Mannheim Ausbildungsstationen: Klinikum Mannheim, Pathologisches Institut Kent &amp; Sussex Hospital, Tunbridge Wells, Kent, UK (Internal Medicine) Royal Hospital for Sick Children, Glasgow, UK (Accident &amp;<\/p>\n","protected":false},"author":1,"featured_media":0,"parent":14,"menu_order":1,"comment_status":"closed","ping_status":"closed","template":"","meta":{"footnotes":""},"class_list":["post-16","page","type-page","status-publish","hentry"],"_links":{"self":[{"href":"https:\/\/wp.internist-ab.de\/index.php?rest_route=\/wp\/v2\/pages\/16","targetHints":{"allow":["GET"]}}],"collection":[{"href":"https:\/\/wp.internist-ab.de\/index.php?rest_route=\/wp\/v2\/pages"}],"about":[{"href":"https:\/\/wp.internist-ab.de\/index.php?rest_route=\/wp\/v2\/types\/page"}],"author":[{"embeddable":true,"href":"https:\/\/wp.internist-ab.de\/index.php?rest_route=\/wp\/v2\/users\/1"}],"replies":[{"embeddable":true,"href":"https:\/\/wp.internist-ab.de\/index.php?rest_route=%2Fwp%2Fv2%2Fcomments&post=16"}],"version-history":[{"count":16,"href":"https:\/\/wp.internist-ab.de\/index.php?rest_route=\/wp\/v2\/pages\/16\/revisions"}],"predecessor-version":[{"id":1666,"href":"https:\/\/wp.internist-ab.de\/index.php?rest_route=\/wp\/v2\/pages\/16\/revisions\/1666"}],"up":[{"embeddable":true,"href":"https:\/\/wp.internist-ab.de\/index.php?rest_route=\/wp\/v2\/pages\/14"}],"wp:attachment":[{"href":"https:\/\/wp.internist-ab.de\/index.php?rest_route=%2Fwp%2Fv2%2Fmedia&parent=16"}],"curies":[{"name":"wp","href":"https:\/\/api.w.org\/{rel}","templated":true}]}}