{"id":121,"date":"2013-07-25T22:34:26","date_gmt":"2013-07-25T20:34:26","guid":{"rendered":"http:\/\/wp.internist-ab.de\/?page_id=121"},"modified":"2021-11-06T18:53:01","modified_gmt":"2021-11-06T17:53:01","slug":"vorsorge-nach-wunsch","status":"publish","type":"page","link":"https:\/\/wp.internist-ab.de\/?page_id=121","title":{"rendered":"Vorsorge nach Wunsch"},"content":{"rendered":"<p><a href=\"https:\/\/wp.internist-ab.de\/wp-content\/uploads\/2013\/07\/reagenzglas1.jpg\"><img loading=\"lazy\" decoding=\"async\" class=\"alignright size-full wp-image-156\" style=\"margin: 0px; border: 0px none;\" src=\"https:\/\/wp.internist-ab.de\/wp-content\/uploads\/2013\/07\/reagenzglas1.jpg\" alt=\"reagenzglas1\" width=\"130\" height=\"178\" \/><\/a><span style=\"color: #000000;\">Die gesetzliche Krankenversicherung bezahlt als Vorsorgeuntersuchung im Rahmen des Basis-Checks ab dem 35. Lebensjahr (&#8222;Checkup-35&#8220;) alle drei Jahre neben einer Urinuntersuchung lediglich die Bestimmung der Blutfettwerte und des Zuckerwertes im Blut, au\u00dferdem eine k\u00f6rperliche Untersuchung samt Erfassung der Krankengeschichte. Sinnvolle Laboruntersuchungen wie\u00a0 Nieren- und Leberwerte,\u00a0 Eisenspiegel und der Harns\u00e4ure sind in den Vorsorgeleistungen der Krankenkasse nicht enthalten.<\/span><\/p>\n<p><span style=\"color: #000000;\">Wenn Sie sinnvolle Vorsorge \u00fcber das von der gesetzlichen Krankenversicherung vorgesehene Ma\u00df hinaus betreiben m\u00f6chten und dadurch zus\u00e4tzliche Sicherheit hinsichtlich Ihrer Gesundheit haben m\u00f6chten, ist die j\u00e4hrliche Bestimmung der oben genannten Laborwerte ab dem 35. Lebensjahr sinnvoll und zweckm\u00e4\u00dfig.<\/span><\/p>\n<p><span style=\"color: #000000;\">Aus diesem Grund haben wir ein vern\u00fcnftiges Vorsorgelaborprofil zusammengestellt, das wir Ihnen \u00fcber die von der gesetzlichen Krankenversicherung vorgesehenenen \u2013 aus unserer Sicht sehr sp\u00e4rlichen \u2013 Basisleistungen hinaus vorsorglich zur Verf\u00fcgung stellen m\u00f6chten. Dieses Laborprofil enth\u00e4lt die oft nachgefragten Werte des Blutbildes, die Leber- und Nierenwerte, den Eisenspiegel und den Harns\u00e4urespiegel als Risikoparameter f\u00fcr Gicht. Selbstverst\u00e4ndlich l\u00e4sst sich dar\u00fcber hinaus auf Wunsch alles im Blut messen. Wir beraten Sie, was in Ihrem Fall sinnvoll ist und was nicht.<\/span><\/p>\n<p><span style=\"color: #000000;\">Wenn Sie zus\u00e4tzliche Sicherheit hinsichtlich Ihrer Gesundheit oder individuelle Fragestellungen haben m\u00f6chten, k\u00f6nnen wir Ihnen eine Auswahl zus\u00e4tzlicher sinnvoller, an Ihr individuelles Profil angepasster<\/span> <a title=\"Gesundheit nach Ma\u00df\" href=\"https:\/\/wp.internist-ab.de\/?page_id=46\">Untersuchungen<\/a> <span style=\"color: #000000;\">anbieten:<\/span><\/p>\n<ul>\n<li><span style=\"color: #000000;\">Erweiterung des Checkup 35 nach Ihren W\u00fcnschen und Vorgaben<\/span><\/li>\n<li><span style=\"color: #000000;\">j\u00e4hrlicher Erg\u00e4nzungscheckup nach Ihren W\u00fcnschen<\/span><\/li>\n<li><span style=\"color: #000000;\">vorbeugende Ultraschalluntersuchungen von Bauch, Prostata, Bauchschlagader, Schilddr\u00fcse und der Halsschlagadern<br \/>\n<\/span><\/li>\n<li><span style=\"color: #000000;\">individuelle Belastungstests mittels Belastungs-EKG, Spirometrie und Lactatmessungen<\/span><\/li>\n<li><span style=\"color: #000000;\">Prostata- und Enddarmuntersuchungen bei M\u00e4nnern unter 45 Jahren<\/span><\/li>\n<li><span style=\"color: #000000;\">Vorsorgeuntersuchungen unter 35 Jahren au\u00dferhalb der Leistungen der GKV<br \/>\n<\/span><\/li>\n<li><a title=\"Impfungen\" href=\"https:\/\/wp.internist-ab.de\/?page_id=53\">Impfungen<\/a><\/li>\n<\/ul>\n<p><span style=\"color: #000000;\">Wenn Sie sich jetzt angesprochen f\u00fchlen, lassen Sie sich von uns<\/span> <a title=\"Kontakt\" href=\"https:\/\/wp.internist-ab.de\/?page_id=33\">beraten<\/a>.<\/p>\n","protected":false},"excerpt":{"rendered":"<p>Die gesetzliche Krankenversicherung bezahlt als Vorsorgeuntersuchung im Rahmen des Basis-Checks ab dem 35. Lebensjahr (&#8222;Checkup-35&#8220;) alle drei Jahre neben einer Urinuntersuchung lediglich die Bestimmung der Blutfettwerte und des Zuckerwertes im Blut, au\u00dferdem eine k\u00f6rperliche Untersuchung samt Erfassung der Krankengeschichte. Sinnvolle<\/p>\n","protected":false},"author":1,"featured_media":0,"parent":46,"menu_order":4,"comment_status":"closed","ping_status":"closed","template":"","meta":{"footnotes":""},"class_list":["post-121","page","type-page","status-publish","hentry"],"_links":{"self":[{"href":"https:\/\/wp.internist-ab.de\/index.php?rest_route=\/wp\/v2\/pages\/121","targetHints":{"allow":["GET"]}}],"collection":[{"href":"https:\/\/wp.internist-ab.de\/index.php?rest_route=\/wp\/v2\/pages"}],"about":[{"href":"https:\/\/wp.internist-ab.de\/index.php?rest_route=\/wp\/v2\/types\/page"}],"author":[{"embeddable":true,"href":"https:\/\/wp.internist-ab.de\/index.php?rest_route=\/wp\/v2\/users\/1"}],"replies":[{"embeddable":true,"href":"https:\/\/wp.internist-ab.de\/index.php?rest_route=%2Fwp%2Fv2%2Fcomments&post=121"}],"version-history":[{"count":9,"href":"https:\/\/wp.internist-ab.de\/index.php?rest_route=\/wp\/v2\/pages\/121\/revisions"}],"predecessor-version":[{"id":1603,"href":"https:\/\/wp.internist-ab.de\/index.php?rest_route=\/wp\/v2\/pages\/121\/revisions\/1603"}],"up":[{"embeddable":true,"href":"https:\/\/wp.internist-ab.de\/index.php?rest_route=\/wp\/v2\/pages\/46"}],"wp:attachment":[{"href":"https:\/\/wp.internist-ab.de\/index.php?rest_route=%2Fwp%2Fv2%2Fmedia&parent=121"}],"curies":[{"name":"wp","href":"https:\/\/api.w.org\/{rel}","templated":true}]}}