{"id":112,"date":"2013-07-25T22:22:13","date_gmt":"2013-07-25T20:22:13","guid":{"rendered":"http:\/\/wp.internist-ab.de\/?page_id=112"},"modified":"2025-08-16T20:55:19","modified_gmt":"2025-08-16T18:55:19","slug":"112-2","status":"publish","type":"page","link":"https:\/\/wp.internist-ab.de\/?page_id=112","title":{"rendered":"Fahrerlaubnisuntersuchungen"},"content":{"rendered":"<p><span style=\"color: #000000;\">Nach Entzug der Fahrerlaubnis ist zur Wiedererlangung eine medizinische Untersuchung notwendig. Auch f\u00fcr die Verl\u00e4ngerung bestimmter F\u00fchrerscheindokumente ben\u00f6tigen Sie ein \u00e4rztliches Zeugnis \u00fcber eine Untersuchung nach definierten Standards.<\/span><\/p>\n<p><span style=\"color: #000000;\">Wir untersuchen Sie fachgerecht und attestieren Ihnen Ihren individuellen Gesundheitsstatus entsprechend den amtlichen Vorgaben (vorbehaltlich der ggf. vorgeschriebenen Notwendigkeit einer augen\u00e4rztlichen Untersuchung)<\/span><\/p>\n<p><span style=\"color: #000000;\">Wenn Sie sich angesprochen f\u00fchlen, lassen Sie sich von uns<\/span> <a title=\"Kontakt\" href=\"https:\/\/wp.internist-ab.de\/?page_id=33\">beraten<\/a>.<\/p>\n<p>&nbsp;<\/p>\n","protected":false},"excerpt":{"rendered":"<p>Nach Entzug der Fahrerlaubnis ist zur Wiedererlangung eine medizinische Untersuchung notwendig. Auch f\u00fcr die Verl\u00e4ngerung bestimmter F\u00fchrerscheindokumente ben\u00f6tigen Sie ein \u00e4rztliches Zeugnis \u00fcber eine Untersuchung nach definierten Standards. Wir untersuchen Sie fachgerecht und attestieren Ihnen Ihren individuellen Gesundheitsstatus entsprechend den<\/p>\n","protected":false},"author":1,"featured_media":0,"parent":44,"menu_order":7,"comment_status":"closed","ping_status":"closed","template":"","meta":{"footnotes":""},"class_list":["post-112","page","type-page","status-publish","hentry"],"_links":{"self":[{"href":"https:\/\/wp.internist-ab.de\/index.php?rest_route=\/wp\/v2\/pages\/112","targetHints":{"allow":["GET"]}}],"collection":[{"href":"https:\/\/wp.internist-ab.de\/index.php?rest_route=\/wp\/v2\/pages"}],"about":[{"href":"https:\/\/wp.internist-ab.de\/index.php?rest_route=\/wp\/v2\/types\/page"}],"author":[{"embeddable":true,"href":"https:\/\/wp.internist-ab.de\/index.php?rest_route=\/wp\/v2\/users\/1"}],"replies":[{"embeddable":true,"href":"https:\/\/wp.internist-ab.de\/index.php?rest_route=%2Fwp%2Fv2%2Fcomments&post=112"}],"version-history":[{"count":6,"href":"https:\/\/wp.internist-ab.de\/index.php?rest_route=\/wp\/v2\/pages\/112\/revisions"}],"predecessor-version":[{"id":1616,"href":"https:\/\/wp.internist-ab.de\/index.php?rest_route=\/wp\/v2\/pages\/112\/revisions\/1616"}],"up":[{"embeddable":true,"href":"https:\/\/wp.internist-ab.de\/index.php?rest_route=\/wp\/v2\/pages\/44"}],"wp:attachment":[{"href":"https:\/\/wp.internist-ab.de\/index.php?rest_route=%2Fwp%2Fv2%2Fmedia&parent=112"}],"curies":[{"name":"wp","href":"https:\/\/api.w.org\/{rel}","templated":true}]}}