{"id":109,"date":"2013-07-25T22:14:10","date_gmt":"2013-07-25T20:14:10","guid":{"rendered":"http:\/\/wp.internist-ab.de\/?page_id=109"},"modified":"2025-08-16T20:55:19","modified_gmt":"2025-08-16T18:55:19","slug":"sport-und-tauchmedizin","status":"publish","type":"page","link":"https:\/\/wp.internist-ab.de\/?page_id=109","title":{"rendered":"Sport- und Tauchmedizin"},"content":{"rendered":"<p><span style=\"color: #000000;\">F\u00fcr regelm\u00e4\u00dfige sportliche Bet\u00e4tigung sind Sporttauglichkeitsuntersuchungen eine h\u00e4ufig nachgefragte Gesundheitsleistung. Auch Sport<span style=\"text-decoration: underline;\">un<\/span>tauglichkeitsuntersuchungen sind oft ein Thema, z. B., wenn Sie aus gesundheitlichen Gr\u00fcnden bestimmte Sportarten nicht mehr aus\u00fcben k\u00f6nnen. Wir untersuchen Sie nach kunstgerechten medizinischen Standards und bescheinigen Ihnen Ihren individuellen Leistungsstatus.<\/span><\/p>\n<p><span style=\"color: #000000;\">Ben\u00f6tigen Sie eine tauchmedizinische Untersuchung? Wir untersuchen Sie nach den Standards der<\/span> <a href=\"http:\/\/www.gtuem.org\/\" target=\"_blank\" rel=\"noopener\">GT\u00dcM<\/a><span style=\"color: #000000;\"> und stellen Ihnen ein f\u00fcr alle Tauchlehrg\u00e4nge \/ -kurse g\u00fcltiges Attest aus, sofern keine medizinischen Gr\u00fcnde dagegen sprechen.<\/span><\/p>\n<p>&nbsp;<\/p>\n<p><span style=\"color: #000000;\">Wenn Sie sich jetzt angesprochen f\u00fchlen, lassen Sie sich von uns beraten.<\/span><\/p>\n<p>&nbsp;<\/p>\n","protected":false},"excerpt":{"rendered":"<p>F\u00fcr regelm\u00e4\u00dfige sportliche Bet\u00e4tigung sind Sporttauglichkeitsuntersuchungen eine h\u00e4ufig nachgefragte Gesundheitsleistung. Auch Sportuntauglichkeitsuntersuchungen sind oft ein Thema, z. B., wenn Sie aus gesundheitlichen Gr\u00fcnden bestimmte Sportarten nicht mehr aus\u00fcben k\u00f6nnen. Wir untersuchen Sie nach kunstgerechten medizinischen Standards und bescheinigen Ihnen Ihren<\/p>\n","protected":false},"author":1,"featured_media":0,"parent":44,"menu_order":6,"comment_status":"closed","ping_status":"closed","template":"","meta":{"footnotes":""},"class_list":["post-109","page","type-page","status-publish","hentry"],"_links":{"self":[{"href":"https:\/\/wp.internist-ab.de\/index.php?rest_route=\/wp\/v2\/pages\/109","targetHints":{"allow":["GET"]}}],"collection":[{"href":"https:\/\/wp.internist-ab.de\/index.php?rest_route=\/wp\/v2\/pages"}],"about":[{"href":"https:\/\/wp.internist-ab.de\/index.php?rest_route=\/wp\/v2\/types\/page"}],"author":[{"embeddable":true,"href":"https:\/\/wp.internist-ab.de\/index.php?rest_route=\/wp\/v2\/users\/1"}],"replies":[{"embeddable":true,"href":"https:\/\/wp.internist-ab.de\/index.php?rest_route=%2Fwp%2Fv2%2Fcomments&post=109"}],"version-history":[{"count":8,"href":"https:\/\/wp.internist-ab.de\/index.php?rest_route=\/wp\/v2\/pages\/109\/revisions"}],"predecessor-version":[{"id":1614,"href":"https:\/\/wp.internist-ab.de\/index.php?rest_route=\/wp\/v2\/pages\/109\/revisions\/1614"}],"up":[{"embeddable":true,"href":"https:\/\/wp.internist-ab.de\/index.php?rest_route=\/wp\/v2\/pages\/44"}],"wp:attachment":[{"href":"https:\/\/wp.internist-ab.de\/index.php?rest_route=%2Fwp%2Fv2%2Fmedia&parent=109"}],"curies":[{"name":"wp","href":"https:\/\/api.w.org\/{rel}","templated":true}]}}